{"id":25,"date":"2023-09-01T12:08:16","date_gmt":"2023-09-01T12:08:16","guid":{"rendered":"http:\/\/www.5gagrogreen.es\/?page_id=25"},"modified":"2023-09-01T12:22:14","modified_gmt":"2023-09-01T12:22:14","slug":"5gagrogreen-2","status":"publish","type":"page","link":"http:\/\/www.5gagrogreen.es\/","title":{"rendered":"5GAGROGREEN"},"content":{"rendered":"\n<p>COMUNICACIONES 5G PARA EL SECTOR AGROPECUARIO USANDO ENERG\u00cdAS  RENOVABLES<\/p>\n\n\n\n<p>IDI-20220552<\/p>\n\n\n\n<figure class=\"wp-block-image aligncenter size-full is-resized\"><img loading=\"lazy\" decoding=\"async\" src=\"http:\/\/www.5gagrogreen.es\/wp-content\/uploads\/2023\/09\/imagen3.png\" alt=\"\" class=\"wp-image-17\" style=\"width:470px;height:204px\" width=\"470\" height=\"204\"\/><\/figure>\n\n\n\n<h2 class=\"wp-block-heading\">Objetivos GeneralesGenerales<\/h2>\n\n\n\n<p>El proyecto 5GAGROGREEN, pone su foco en la digitalizaci\u00f3n de las explotaciones agrarias en el contexto de la agricultura 4.0 y los desaf\u00edos que plantea. Pero esa agrarias en el contexto de la agricultura 4.0 y los desaf\u00edos que plantea. Pero esa digitalizaci\u00f3n, no se puede realizar a cualquier coste, tiene que permitir un nivel de digitalizaci\u00f3n, no se puede realizar a cualquier coste, tiene que permitir un nivel de escalabilidad y de inversi\u00f3n aceptable para introducirse en las cadenas de escalabilidad y de inversi\u00f3n aceptable para introducirse en las cadenas de producci\u00f3n agropecuaria. En ese marco, Nokia se plantea los siguientes objetivos producci\u00f3n agropecuaria. En ese marco, Nokia se plantea los siguientes objetivos generales:generales:<br><br>1.Demostrar que la Agricultura 4.0 va a llegar al sector agrario mediante las nuevas Demostrar que la Agricultura 4.0 va a llegar al sector agrario mediante las nuevas tecnolog\u00edas m\u00f3viles 5Gtecnolog\u00edas m\u00f3viles 5G..<br><br>2.Obtener medidas durante m\u00e1s de un a\u00f1o y dos campa\u00f1as de vino Obtener medidas durante m\u00e1s de un a\u00f1o y dos campa\u00f1as de vino para dimensionar para dimensionar un despliegue global de soluciones para peque\u00f1os y medianos agricultores.un despliegue global de soluciones para peque\u00f1os y medianos agricultores.<br><br>3.Demostrar hasta qu\u00e9 punto la automatizaci\u00f3n de tareas tediosas en el sector Demostrar hasta qu\u00e9 punto la automatizaci\u00f3n de tareas tediosas en el sector agrario va a beneficiar a los gestores de explotaciones agropecuariasagrario va a beneficiar a los gestores de explotaciones agropecuarias. .<\/p>\n\n\n\n<figure class=\"wp-block-image size-full\"><img loading=\"lazy\" decoding=\"async\" width=\"1336\" height=\"627\" src=\"http:\/\/www.5gagrogreen.es\/wp-content\/uploads\/2023\/09\/imagen2.png\" alt=\"\" class=\"wp-image-10\"\/><\/figure>\n\n\n\n<figure class=\"wp-block-image size-full\"><img loading=\"lazy\" decoding=\"async\" width=\"706\" height=\"681\" src=\"http:\/\/www.5gagrogreen.es\/wp-content\/uploads\/2023\/09\/imagen1.png\" alt=\"\" class=\"wp-image-9\"\/><\/figure>\n\n\n\n<figure class=\"wp-block-embed is-type-video is-provider-youtube wp-block-embed-youtube wp-embed-aspect-16-9 wp-has-aspect-ratio\"><div class=\"wp-block-embed__wrapper\">\n<iframe loading=\"lazy\" title=\"AGROGREEN 5G SENSORS v2\" width=\"500\" height=\"281\" src=\"https:\/\/www.youtube.com\/embed\/ke5ujCKfAOc?feature=oembed\" frameborder=\"0\" allow=\"accelerometer; autoplay; clipboard-write; encrypted-media; gyroscope; picture-in-picture; web-share\" referrerpolicy=\"strict-origin-when-cross-origin\" allowfullscreen><\/iframe>\n<\/div><\/figure>\n\n\n\n<hr class=\"wp-block-separator has-alpha-channel-opacity\"\/>\n\n\n\n<p>El proyecto 5GAgroGreen se desarrolla gracias a la colaboraci\u00f3n p\u00fablico-privada, financiada en parte por el Centro para el Desarrollo Tecnol\u00f3gico Industrial (CDTI) y desarrollado por Nokia. <\/p>\n\n\n\n<figure class=\"wp-block-image size-full\"><img loading=\"lazy\" decoding=\"async\" width=\"1043\" height=\"194\" src=\"http:\/\/www.5gagrogreen.es\/wp-content\/uploads\/2023\/09\/18367_214214202211593.png\" alt=\"\" class=\"wp-image-29\"\/><\/figure>\n\n\n\n<figure class=\"wp-block-image size-full\"><img loading=\"lazy\" decoding=\"async\" width=\"2400\" height=\"542\" src=\"http:\/\/www.5gagrogreen.es\/wp-content\/uploads\/2023\/09\/Nokia-logo-RGB_Bright-blue.png\" alt=\"\" class=\"wp-image-30\"\/><\/figure>\n","protected":false},"excerpt":{"rendered":"<p>COMUNICACIONES 5G PARA EL SECTOR AGROPECUARIO USANDO ENERG\u00cdAS RENOVABLES IDI-20220552 Objetivos GeneralesGenerales El proyecto 5GAGROGREEN, pone su foco en la digitalizaci\u00f3n de las explotaciones agrarias en el contexto de la agricultura 4.0 y los desaf\u00edos que plantea. Pero esa agrarias en el contexto de la agricultura 4.0 y los desaf\u00edos que plantea. Pero esa digitalizaci\u00f3n, [&hellip;]<\/p>\n","protected":false},"author":1,"featured_media":0,"parent":0,"menu_order":0,"comment_status":"closed","ping_status":"closed","template":"","meta":{"footnotes":""},"class_list":["post-25","page","type-page","status-publish","hentry"],"_links":{"self":[{"href":"http:\/\/www.5gagrogreen.es\/index.php?rest_route=\/wp\/v2\/pages\/25","targetHints":{"allow":["GET"]}}],"collection":[{"href":"http:\/\/www.5gagrogreen.es\/index.php?rest_route=\/wp\/v2\/pages"}],"about":[{"href":"http:\/\/www.5gagrogreen.es\/index.php?rest_route=\/wp\/v2\/types\/page"}],"author":[{"embeddable":true,"href":"http:\/\/www.5gagrogreen.es\/index.php?rest_route=\/wp\/v2\/users\/1"}],"replies":[{"embeddable":true,"href":"http:\/\/www.5gagrogreen.es\/index.php?rest_route=%2Fwp%2Fv2%2Fcomments&post=25"}],"version-history":[{"count":4,"href":"http:\/\/www.5gagrogreen.es\/index.php?rest_route=\/wp\/v2\/pages\/25\/revisions"}],"predecessor-version":[{"id":32,"href":"http:\/\/www.5gagrogreen.es\/index.php?rest_route=\/wp\/v2\/pages\/25\/revisions\/32"}],"wp:attachment":[{"href":"http:\/\/www.5gagrogreen.es\/index.php?rest_route=%2Fwp%2Fv2%2Fmedia&parent=25"}],"curies":[{"name":"wp","href":"https:\/\/api.w.org\/{rel}","templated":true}]}}